{"id":1522,"date":"2022-04-13T14:52:43","date_gmt":"2022-04-13T18:52:43","guid":{"rendered":"https:\/\/evtrailsb2bprd.wpengine.com\/?page_id=1522"},"modified":"2025-01-07T15:50:52","modified_gmt":"2025-01-07T20:50:52","slug":"publiez-votre-carte","status":"publish","type":"page","link":"https:\/\/ondago.com\/fr\/publiez-votre-carte\/","title":{"rendered":"Publiez votre carte"},"content":{"rendered":"\t\t<div data-elementor-type=\"wp-page\" data-elementor-id=\"1522\" class=\"elementor elementor-1522\" data-elementor-post-type=\"page\">\n\t\t\t\t\t\t<section class=\"elementor-section elementor-top-section elementor-element elementor-element-674cf63 elementor-section-boxed elementor-section-height-default elementor-section-height-default\" data-id=\"674cf63\" data-element_type=\"section\">\n\t\t\t\t\t\t<div class=\"elementor-container elementor-column-gap-default\">\n\t\t\t\t\t<div class=\"elementor-column elementor-col-100 elementor-top-column elementor-element elementor-element-0761f3d\" data-id=\"0761f3d\" data-element_type=\"column\">\n\t\t\t<div class=\"elementor-widget-wrap elementor-element-populated\">\n\t\t\t\t\t\t<div class=\"elementor-element elementor-element-de76d29 elementor-widget elementor-widget-heading\" data-id=\"de76d29\" data-element_type=\"widget\" data-widget_type=\"heading.default\">\n\t\t\t\t<div class=\"elementor-widget-container\">\n\t\t\t<h2 class=\"elementor-heading-title elementor-size-default\">Co\u00fbts de base et fonctionnement d'Ondago\u200b<\/h2>\t\t<\/div>\n\t\t\t\t<\/div>\n\t\t\t\t\t<\/div>\n\t\t<\/div>\n\t\t\t\t\t<\/div>\n\t\t<\/section>\n\t\t\t\t<section class=\"elementor-section elementor-top-section elementor-element elementor-element-cd7b9fc elementor-section-boxed elementor-section-height-default elementor-section-height-default\" data-id=\"cd7b9fc\" data-element_type=\"section\">\n\t\t\t\t\t\t<div class=\"elementor-container elementor-column-gap-default\">\n\t\t\t\t\t<div class=\"elementor-column elementor-col-33 elementor-top-column elementor-element elementor-element-19b3312\" data-id=\"19b3312\" data-element_type=\"column\">\n\t\t\t<div class=\"elementor-widget-wrap elementor-element-populated\">\n\t\t\t\t\t\t<section class=\"elementor-section elementor-inner-section elementor-element elementor-element-1141228 elementor-section-boxed elementor-section-height-default elementor-section-height-default\" data-id=\"1141228\" data-element_type=\"section\">\n\t\t\t\t\t\t<div class=\"elementor-container elementor-column-gap-default\">\n\t\t\t\t\t<div class=\"elementor-column elementor-col-100 elementor-inner-column elementor-element elementor-element-1e30178\" data-id=\"1e30178\" data-element_type=\"column\">\n\t\t\t<div class=\"elementor-widget-wrap elementor-element-populated\">\n\t\t\t\t\t\t<div class=\"elementor-element elementor-element-5852480 elementor-widget elementor-widget-image\" data-id=\"5852480\" data-element_type=\"widget\" data-widget_type=\"image.default\">\n\t\t\t\t<div class=\"elementor-widget-container\">\n\t\t\t\t\t\t\t\t\t\t\t\t\t<img decoding=\"async\" width=\"150\" height=\"150\" src=\"https:\/\/ondago.com\/wp-content\/uploads\/2024\/02\/creation-sans-titre-16-150x150.png\" class=\"attachment-thumbnail size-thumbnail wp-image-3448\" alt=\"\" srcset=\"https:\/\/ondago.com\/wp-content\/uploads\/2024\/02\/creation-sans-titre-16-150x150.png 150w, https:\/\/ondago.com\/wp-content\/uploads\/2024\/02\/creation-sans-titre-16-300x300.png 300w, https:\/\/ondago.com\/wp-content\/uploads\/2024\/02\/creation-sans-titre-16-768x768.png 768w, https:\/\/ondago.com\/wp-content\/uploads\/2024\/02\/creation-sans-titre-16.png 1024w\" sizes=\"(max-width: 150px) 100vw, 150px\" \/>\t\t\t\t\t\t\t\t\t\t\t\t\t<\/div>\n\t\t\t\t<\/div>\n\t\t\t\t<div class=\"elementor-element elementor-element-4394b3d elementor-widget elementor-widget-text-editor\" data-id=\"4394b3d\" data-element_type=\"widget\" data-widget_type=\"text-editor.default\">\n\t\t\t\t<div class=\"elementor-widget-container\">\n\t\t\t\t\t\t\t<p style=\"text-align: center;\"><strong>\u00c9tape 1<\/strong><\/p><p style=\"text-align: center;\"><strong><span style=\"color: #5ab031;\">Nous \u00e9changeons sur votre projet et nous vous produisons une soumission.<\/span><\/strong><\/p>\t\t\t\t\t\t<\/div>\n\t\t\t\t<\/div>\n\t\t\t\t\t<\/div>\n\t\t<\/div>\n\t\t\t\t\t<\/div>\n\t\t<\/section>\n\t\t\t\t\t<\/div>\n\t\t<\/div>\n\t\t\t\t<div class=\"elementor-column elementor-col-33 elementor-top-column elementor-element elementor-element-ca8ff0e\" data-id=\"ca8ff0e\" data-element_type=\"column\">\n\t\t\t<div class=\"elementor-widget-wrap elementor-element-populated\">\n\t\t\t\t\t\t<section class=\"elementor-section elementor-inner-section elementor-element elementor-element-4080db2 elementor-section-boxed elementor-section-height-default elementor-section-height-default\" data-id=\"4080db2\" data-element_type=\"section\">\n\t\t\t\t\t\t<div class=\"elementor-container elementor-column-gap-default\">\n\t\t\t\t\t<div class=\"elementor-column elementor-col-100 elementor-inner-column elementor-element elementor-element-decd376\" data-id=\"decd376\" data-element_type=\"column\">\n\t\t\t<div class=\"elementor-widget-wrap elementor-element-populated\">\n\t\t\t\t\t\t<div class=\"elementor-element elementor-element-84a14dc elementor-widget elementor-widget-image\" data-id=\"84a14dc\" data-element_type=\"widget\" data-widget_type=\"image.default\">\n\t\t\t\t<div class=\"elementor-widget-container\">\n\t\t\t\t\t\t\t\t\t\t\t\t\t<img decoding=\"async\" src=\"https:\/\/ondago.com\/wp-content\/uploads\/elementor\/thumbs\/creation-sans-titre-22-qle6kg1n7wttgm27zqeoranyatokhzhq89abbl66ho.png\" title=\"Cr\u00e9ation sans titre-22\" alt=\"Cr\u00e9ation sans titre-22\" loading=\"lazy\" \/>\t\t\t\t\t\t\t\t\t\t\t\t\t<\/div>\n\t\t\t\t<\/div>\n\t\t\t\t<div class=\"elementor-element elementor-element-82cebf7 elementor-widget__width-initial elementor-widget elementor-widget-text-editor\" data-id=\"82cebf7\" data-element_type=\"widget\" data-widget_type=\"text-editor.default\">\n\t\t\t\t<div class=\"elementor-widget-container\">\n\t\t\t\t\t\t\t<p style=\"text-align: center;\"><strong>\u00c9tape 2<\/strong><\/p><p style=\"text-align: center;\"><strong><span style=\"color: #5ab031;\">Nous transformons votre carte papier en carte intelligente.<\/span><\/strong><\/p>\t\t\t\t\t\t<\/div>\n\t\t\t\t<\/div>\n\t\t\t\t<div class=\"elementor-element elementor-element-6734e22 elementor-widget__width-initial elementor-widget elementor-widget-text-editor\" data-id=\"6734e22\" data-element_type=\"widget\" data-widget_type=\"text-editor.default\">\n\t\t\t\t<div class=\"elementor-widget-container\">\n\t\t\t\t\t\t\t<p style=\"text-align: center;\"><span style=\"color: #0093aa;\">Option \u00abNous implantons votre carte\u00bb<\/span><\/p>\t\t\t\t\t\t<\/div>\n\t\t\t\t<\/div>\n\t\t\t\t<div class=\"elementor-element elementor-element-4e39ace elementor-widget__width-initial elementor-widget elementor-widget-text-editor\" data-id=\"4e39ace\" data-element_type=\"widget\" data-widget_type=\"text-editor.default\">\n\t\t\t\t<div class=\"elementor-widget-container\">\n\t\t\t\t\t\t\t<p style=\"text-align: center;\">Nous utilisons votre carte cr\u00e9\u00e9e par votre graphiste, illustrateur ou g\u00e9omaticien et nous la rendons interactive et g\u00e9olocalis\u00e9e.<\/p><p style=\"text-align: center;\"><a href=\"https:\/\/ondago.com\/fr\/exemples-de-cartes\/\"><span style=\"color: #5ab031;\">Voir des exemples de cartes<\/span><\/a><\/p><p style=\"text-align: center;\"><strong>75$\u2044heure<\/strong><\/p>\t\t\t\t\t\t<\/div>\n\t\t\t\t<\/div>\n\t\t\t\t<div class=\"elementor-element elementor-element-42584e2 elementor-widget__width-initial elementor-widget elementor-widget-text-editor\" data-id=\"42584e2\" data-element_type=\"widget\" data-widget_type=\"text-editor.default\">\n\t\t\t\t<div class=\"elementor-widget-container\">\n\t\t\t\t\t\t\t<p style=\"text-align: center;\"><span style=\"color: #0093aa;\">Option \u00abNous cr\u00e9ons votre carte\u00bb<\/span><\/p>\t\t\t\t\t\t<\/div>\n\t\t\t\t<\/div>\n\t\t\t\t<div class=\"elementor-element elementor-element-6cf0f90 elementor-widget__width-initial elementor-widget elementor-widget-text-editor\" data-id=\"6cf0f90\" data-element_type=\"widget\" data-widget_type=\"text-editor.default\">\n\t\t\t\t<div class=\"elementor-widget-container\">\n\t\t\t\t\t\t\t<p style=\"text-align: center;\">Vous n&rsquo;avez pas de carte ? Pas de soucis. Nous sommes en mesure de vous cr\u00e9er une carte pour Ondago et\/ou en format pdf. Nous utilisons\u00a0nos mod\u00e8les. Nous pouvons fournir notre iconographie ou encore vous pouvez nous fournir la v\u00f4tre.<\/p><p style=\"text-align: center;\"><a href=\"https:\/\/ondago.com\/fr\/exemples-de-cartes\/\"><span style=\"color: #5ab031;\">Voir des exemples de cartes<\/span><\/a><\/p><p style=\"text-align: center;\"><strong>75$\u2044heure<\/strong><\/p>\t\t\t\t\t\t<\/div>\n\t\t\t\t<\/div>\n\t\t\t\t\t<\/div>\n\t\t<\/div>\n\t\t\t\t\t<\/div>\n\t\t<\/section>\n\t\t\t\t\t<\/div>\n\t\t<\/div>\n\t\t\t\t<div class=\"elementor-column elementor-col-33 elementor-top-column elementor-element elementor-element-fb3d467\" data-id=\"fb3d467\" data-element_type=\"column\">\n\t\t\t<div class=\"elementor-widget-wrap elementor-element-populated\">\n\t\t\t\t\t\t<section class=\"elementor-section elementor-inner-section elementor-element elementor-element-fbd6f83 elementor-section-boxed elementor-section-height-default elementor-section-height-default\" data-id=\"fbd6f83\" data-element_type=\"section\">\n\t\t\t\t\t\t<div class=\"elementor-container elementor-column-gap-default\">\n\t\t\t\t\t<div class=\"elementor-column elementor-col-100 elementor-inner-column elementor-element elementor-element-2fa1606\" data-id=\"2fa1606\" data-element_type=\"column\">\n\t\t\t<div class=\"elementor-widget-wrap elementor-element-populated\">\n\t\t\t\t\t\t<div class=\"elementor-element elementor-element-8c1b09b elementor-widget elementor-widget-image\" data-id=\"8c1b09b\" data-element_type=\"widget\" data-widget_type=\"image.default\">\n\t\t\t\t<div class=\"elementor-widget-container\">\n\t\t\t\t\t\t\t\t\t\t\t\t\t<img decoding=\"async\" src=\"https:\/\/ondago.com\/wp-content\/uploads\/elementor\/thumbs\/creation-sans-titre-18-qk798itrcgx4byj7cj1fdtgdcwcjtsm5jt03xj6esc.png\" title=\"Cr\u00e9ation sans titre-18\" alt=\"Cr\u00e9ation sans titre-18\" loading=\"lazy\" \/>\t\t\t\t\t\t\t\t\t\t\t\t\t<\/div>\n\t\t\t\t<\/div>\n\t\t\t\t<div class=\"elementor-element elementor-element-385479a elementor-widget elementor-widget-text-editor\" data-id=\"385479a\" data-element_type=\"widget\" data-widget_type=\"text-editor.default\">\n\t\t\t\t<div class=\"elementor-widget-container\">\n\t\t\t\t\t\t\t<p style=\"text-align: center;\"><strong>\u00c9tape 3<\/strong><\/p><p style=\"text-align: center;\"><strong><span style=\"color: #5ab031;\">Nous publions votre carte.<\/span><\/strong><\/p>\t\t\t\t\t\t<\/div>\n\t\t\t\t<\/div>\n\t\t\t\t<div class=\"elementor-element elementor-element-2303ec3 elementor-widget elementor-widget-text-editor\" data-id=\"2303ec3\" data-element_type=\"widget\" data-widget_type=\"text-editor.default\">\n\t\t\t\t<div class=\"elementor-widget-container\">\n\t\t\t\t\t\t\t<p style=\"text-align: center;\"><span style=\"color: #0093aa;\">Option mobile<\/span><\/p>\t\t\t\t\t\t<\/div>\n\t\t\t\t<\/div>\n\t\t\t\t<div class=\"elementor-element elementor-element-8b1dba1 elementor-widget elementor-widget-text-editor\" data-id=\"8b1dba1\" data-element_type=\"widget\" data-widget_type=\"text-editor.default\">\n\t\t\t\t<div class=\"elementor-widget-container\">\n\t\t\t\t\t\t\t<p style=\"text-align: center;\">Nous publions votre carte dans l\u2019application mobile Ondago, disponible sur App Store et Google Play.\u00a0<\/p>\t\t\t\t\t\t<\/div>\n\t\t\t\t<\/div>\n\t\t\t\t<div class=\"elementor-element elementor-element-392d05b elementor-widget elementor-widget-text-editor\" data-id=\"392d05b\" data-element_type=\"widget\" data-widget_type=\"text-editor.default\">\n\t\t\t\t<div class=\"elementor-widget-container\">\n\t\t\t\t\t\t\t<p style=\"text-align: center;\"><strong>299$\u2044an<\/strong> (pour une premi\u00e8re carte)<\/p><p style=\"text-align: center;\"><strong>59$\u2044an<\/strong> (par carte suppl\u00e9mentaire)<\/p>\t\t\t\t\t\t<\/div>\n\t\t\t\t<\/div>\n\t\t\t\t<div class=\"elementor-element elementor-element-b661255 elementor-widget elementor-widget-text-editor\" data-id=\"b661255\" data-element_type=\"widget\" data-widget_type=\"text-editor.default\">\n\t\t\t\t<div class=\"elementor-widget-container\">\n\t\t\t\t\t\t\t<p style=\"text-align: center;\"><span style=\"color: #0093aa;\">Option web<\/span><\/p>\t\t\t\t\t\t<\/div>\n\t\t\t\t<\/div>\n\t\t\t\t<div class=\"elementor-element elementor-element-4197d66 elementor-widget elementor-widget-text-editor\" data-id=\"4197d66\" data-element_type=\"widget\" data-widget_type=\"text-editor.default\">\n\t\t\t\t<div class=\"elementor-widget-container\">\n\t\t\t\t\t\t\t<p style=\"text-align: center;\">Nous vous fournissons un lien web de votre carte que vous pourrez ins\u00e9rer \u00e0 votre site Internet.<\/p>\t\t\t\t\t\t<\/div>\n\t\t\t\t<\/div>\n\t\t\t\t<div class=\"elementor-element elementor-element-30e7801 elementor-widget elementor-widget-text-editor\" data-id=\"30e7801\" data-element_type=\"widget\" data-widget_type=\"text-editor.default\">\n\t\t\t\t<div class=\"elementor-widget-container\">\n\t\t\t\t\t\t\t<p style=\"text-align: center;\"><strong>149$\u2044an<\/strong> (pour une premi\u00e8re carte)<\/p><p style=\"text-align: center;\"><strong>50$\u2044an<\/strong> (par carte suppl\u00e9mentaire)<\/p><p style=\"text-align: center;\"><a href=\"https:\/\/ondago.com\/fr\/exemples-de-cartes\/\"><span style=\"color: #5ab031;\">Voir des exemples de cartes<\/span><\/a><\/p>\t\t\t\t\t\t<\/div>\n\t\t\t\t<\/div>\n\t\t\t\t\t<\/div>\n\t\t<\/div>\n\t\t\t\t\t<\/div>\n\t\t<\/section>\n\t\t\t\t\t<\/div>\n\t\t<\/div>\n\t\t\t\t\t<\/div>\n\t\t<\/section>\n\t\t\t\t<section class=\"elementor-section elementor-top-section elementor-element elementor-element-667fc80 elementor-section-boxed elementor-section-height-default elementor-section-height-default\" data-id=\"667fc80\" data-element_type=\"section\">\n\t\t\t\t\t\t<div class=\"elementor-container elementor-column-gap-default\">\n\t\t\t\t\t<div class=\"elementor-column elementor-col-100 elementor-top-column elementor-element elementor-element-4db34cd\" data-id=\"4db34cd\" data-element_type=\"column\">\n\t\t\t<div class=\"elementor-widget-wrap elementor-element-populated\">\n\t\t\t\t\t\t<div class=\"elementor-element elementor-element-5651b46 elementor-widget elementor-widget-text-editor\" data-id=\"5651b46\" data-element_type=\"widget\" data-widget_type=\"text-editor.default\">\n\t\t\t\t<div class=\"elementor-widget-container\">\n\t\t\t\t\t\t\t<p>Inclus avec toutes les options:<\/p><ul><li>Statistiques de base de votre carte;<\/li><li>Envoi d&rsquo;un code QR de votre carte;<\/li><li>Am\u00e9liorations et nouvelles fonctionnalit\u00e9s d\u00e9velopp\u00e9es par Ondago;<\/li><li>Frais d&rsquo;h\u00e9bergement et t\u00e9l\u00e9chargements illimit\u00e9s;<\/li><li>Service rapide et courtois de l&rsquo;\u00e9quipe d&rsquo;Ondago;<\/li><li>Affiches et autocollants pour vous aider \u00e0 promouvoir votre carte Ondago.<\/li><\/ul>\t\t\t\t\t\t<\/div>\n\t\t\t\t<\/div>\n\t\t\t\t\t<\/div>\n\t\t<\/div>\n\t\t\t\t\t<\/div>\n\t\t<\/section>\n\t\t\t\t<\/div>\n\t\t","protected":false},"excerpt":{"rendered":"<p>Co\u00fbts de base et fonctionnement d&rsquo;Ondago\u200b \u00c9tape 1 Nous \u00e9changeons sur votre projet et nous vous produisons une soumission. \u00c9tape 2 Nous transformons votre carte papier en carte intelligente. Option \u00abNous implantons votre carte\u00bb Nous utilisons votre carte cr\u00e9\u00e9e par votre graphiste, illustrateur ou g\u00e9omaticien et nous la rendons interactive et g\u00e9olocalis\u00e9e. Voir des exemples &hellip;<\/p>\n<p class=\"read-more\"> <a class=\"\" href=\"https:\/\/ondago.com\/fr\/publiez-votre-carte\/\"> <span class=\"screen-reader-text\">Publiez votre carte<\/span> Read More \u00bb<\/a><\/p>\n","protected":false},"author":7,"featured_media":0,"parent":0,"menu_order":0,"comment_status":"closed","ping_status":"closed","template":"","meta":{"site-sidebar-layout":"no-sidebar","site-content-layout":"page-builder","ast-global-header-display":"","ast-banner-title-visibility":"","ast-main-header-display":"","ast-hfb-above-header-display":"","ast-hfb-below-header-display":"","ast-hfb-mobile-header-display":"","site-post-title":"disabled","ast-breadcrumbs-content":"","ast-featured-img":"disabled","footer-sml-layout":"","theme-transparent-header-meta":"default","adv-header-id-meta":"","stick-header-meta":"default","header-above-stick-meta":"","header-main-stick-meta":"","header-below-stick-meta":"","footnotes":""},"yoast_head":"<!-- This site is optimized with the Yoast SEO plugin v23.5 - https:\/\/yoast.com\/wordpress\/plugins\/seo\/ -->\n<title>Publiez votre carte | Ondago<\/title>\n<meta name=\"description\" content=\"Apprenez-en plus sur l&#039;int\u00e9gration de votre carte \u00e0 notre catalogue de cartes officielles utilis\u00e9 par plus de 200 000 utilisateurs annuels.\" \/>\n<meta name=\"robots\" content=\"index, follow, max-snippet:-1, max-image-preview:large, max-video-preview:-1\" \/>\n<link rel=\"canonical\" href=\"https:\/\/ondago.com\/fr\/publiez-votre-carte\/\" \/>\n<meta property=\"og:locale\" content=\"fr_FR\" \/>\n<meta property=\"og:type\" content=\"article\" \/>\n<meta property=\"og:title\" content=\"Publiez votre carte | Ondago\" \/>\n<meta property=\"og:description\" content=\"Apprenez-en plus sur l&#039;int\u00e9gration de votre carte \u00e0 notre catalogue de cartes officielles utilis\u00e9 par plus de 200 000 utilisateurs annuels.\" \/>\n<meta property=\"og:url\" content=\"https:\/\/ondago.com\/fr\/publiez-votre-carte\/\" \/>\n<meta property=\"og:site_name\" content=\"Ondago B2B\" \/>\n<meta property=\"article:modified_time\" content=\"2025-01-07T20:50:52+00:00\" \/>\n<meta property=\"og:image\" content=\"https:\/\/ondago.com\/wp-content\/uploads\/2024\/02\/creation-sans-titre-16-150x150.png\" \/>\n<meta name=\"twitter:card\" content=\"summary_large_image\" \/>\n<meta name=\"twitter:label1\" content=\"Dur\u00e9e de lecture estim\u00e9e\" \/>\n\t<meta name=\"twitter:data1\" content=\"2 minutes\" \/>\n<script type=\"application\/ld+json\" class=\"yoast-schema-graph\">{\"@context\":\"https:\/\/schema.org\",\"@graph\":[{\"@type\":\"WebPage\",\"@id\":\"https:\/\/ondago.com\/fr\/publiez-votre-carte\/\",\"url\":\"https:\/\/ondago.com\/fr\/publiez-votre-carte\/\",\"name\":\"Publiez votre carte | Ondago\",\"isPartOf\":{\"@id\":\"https:\/\/ondago.com\/#website\"},\"primaryImageOfPage\":{\"@id\":\"https:\/\/ondago.com\/fr\/publiez-votre-carte\/#primaryimage\"},\"image\":{\"@id\":\"https:\/\/ondago.com\/fr\/publiez-votre-carte\/#primaryimage\"},\"thumbnailUrl\":\"https:\/\/ondago.com\/wp-content\/uploads\/2024\/02\/creation-sans-titre-16-150x150.png\",\"datePublished\":\"2022-04-13T18:52:43+00:00\",\"dateModified\":\"2025-01-07T20:50:52+00:00\",\"description\":\"Apprenez-en plus sur l'int\u00e9gration de votre carte \u00e0 notre catalogue de cartes officielles utilis\u00e9 par plus de 200 000 utilisateurs annuels.\",\"breadcrumb\":{\"@id\":\"https:\/\/ondago.com\/fr\/publiez-votre-carte\/#breadcrumb\"},\"inLanguage\":\"fr-FR\",\"potentialAction\":[{\"@type\":\"ReadAction\",\"target\":[\"https:\/\/ondago.com\/fr\/publiez-votre-carte\/\"]}]},{\"@type\":\"ImageObject\",\"inLanguage\":\"fr-FR\",\"@id\":\"https:\/\/ondago.com\/fr\/publiez-votre-carte\/#primaryimage\",\"url\":\"https:\/\/ondago.com\/wp-content\/uploads\/2024\/02\/creation-sans-titre-16-150x150.png\",\"contentUrl\":\"https:\/\/ondago.com\/wp-content\/uploads\/2024\/02\/creation-sans-titre-16-150x150.png\"},{\"@type\":\"BreadcrumbList\",\"@id\":\"https:\/\/ondago.com\/fr\/publiez-votre-carte\/#breadcrumb\",\"itemListElement\":[{\"@type\":\"ListItem\",\"position\":1,\"name\":\"Home\",\"item\":\"https:\/\/ondago.com\/fr\/\"},{\"@type\":\"ListItem\",\"position\":2,\"name\":\"Publiez votre carte\"}]},{\"@type\":\"WebSite\",\"@id\":\"https:\/\/ondago.com\/#website\",\"url\":\"https:\/\/ondago.com\/\",\"name\":\"Ondago B2B\",\"description\":\"\",\"publisher\":{\"@id\":\"https:\/\/ondago.com\/#organization\"},\"potentialAction\":[{\"@type\":\"SearchAction\",\"target\":{\"@type\":\"EntryPoint\",\"urlTemplate\":\"https:\/\/ondago.com\/?s={search_term_string}\"},\"query-input\":{\"@type\":\"PropertyValueSpecification\",\"valueRequired\":true,\"valueName\":\"search_term_string\"}}],\"inLanguage\":\"fr-FR\"},{\"@type\":\"Organization\",\"@id\":\"https:\/\/ondago.com\/#organization\",\"name\":\"Ondago B2B\",\"url\":\"https:\/\/ondago.com\/\",\"logo\":{\"@type\":\"ImageObject\",\"inLanguage\":\"fr-FR\",\"@id\":\"https:\/\/ondago.com\/#\/schema\/logo\/image\/\",\"url\":\"https:\/\/ondago.com\/wp-content\/uploads\/2023\/07\/cropped-logo-ondago-couleur.png\",\"contentUrl\":\"https:\/\/ondago.com\/wp-content\/uploads\/2023\/07\/cropped-logo-ondago-couleur.png\",\"width\":1611,\"height\":409,\"caption\":\"Ondago B2B\"},\"image\":{\"@id\":\"https:\/\/ondago.com\/#\/schema\/logo\/image\/\"}}]}<\/script>\n<!-- \/ Yoast SEO plugin. -->","yoast_head_json":{"title":"Publiez votre carte | Ondago","description":"Apprenez-en plus sur l'int\u00e9gration de votre carte \u00e0 notre catalogue de cartes officielles utilis\u00e9 par plus de 200 000 utilisateurs annuels.","robots":{"index":"index","follow":"follow","max-snippet":"max-snippet:-1","max-image-preview":"max-image-preview:large","max-video-preview":"max-video-preview:-1"},"canonical":"https:\/\/ondago.com\/fr\/publiez-votre-carte\/","og_locale":"fr_FR","og_type":"article","og_title":"Publiez votre carte | Ondago","og_description":"Apprenez-en plus sur l'int\u00e9gration de votre carte \u00e0 notre catalogue de cartes officielles utilis\u00e9 par plus de 200 000 utilisateurs annuels.","og_url":"https:\/\/ondago.com\/fr\/publiez-votre-carte\/","og_site_name":"Ondago B2B","article_modified_time":"2025-01-07T20:50:52+00:00","og_image":[{"url":"https:\/\/ondago.com\/wp-content\/uploads\/2024\/02\/creation-sans-titre-16-150x150.png"}],"twitter_card":"summary_large_image","twitter_misc":{"Dur\u00e9e de lecture estim\u00e9e":"2 minutes"},"schema":{"@context":"https:\/\/schema.org","@graph":[{"@type":"WebPage","@id":"https:\/\/ondago.com\/fr\/publiez-votre-carte\/","url":"https:\/\/ondago.com\/fr\/publiez-votre-carte\/","name":"Publiez votre carte | Ondago","isPartOf":{"@id":"https:\/\/ondago.com\/#website"},"primaryImageOfPage":{"@id":"https:\/\/ondago.com\/fr\/publiez-votre-carte\/#primaryimage"},"image":{"@id":"https:\/\/ondago.com\/fr\/publiez-votre-carte\/#primaryimage"},"thumbnailUrl":"https:\/\/ondago.com\/wp-content\/uploads\/2024\/02\/creation-sans-titre-16-150x150.png","datePublished":"2022-04-13T18:52:43+00:00","dateModified":"2025-01-07T20:50:52+00:00","description":"Apprenez-en plus sur l'int\u00e9gration de votre carte \u00e0 notre catalogue de cartes officielles utilis\u00e9 par plus de 200 000 utilisateurs annuels.","breadcrumb":{"@id":"https:\/\/ondago.com\/fr\/publiez-votre-carte\/#breadcrumb"},"inLanguage":"fr-FR","potentialAction":[{"@type":"ReadAction","target":["https:\/\/ondago.com\/fr\/publiez-votre-carte\/"]}]},{"@type":"ImageObject","inLanguage":"fr-FR","@id":"https:\/\/ondago.com\/fr\/publiez-votre-carte\/#primaryimage","url":"https:\/\/ondago.com\/wp-content\/uploads\/2024\/02\/creation-sans-titre-16-150x150.png","contentUrl":"https:\/\/ondago.com\/wp-content\/uploads\/2024\/02\/creation-sans-titre-16-150x150.png"},{"@type":"BreadcrumbList","@id":"https:\/\/ondago.com\/fr\/publiez-votre-carte\/#breadcrumb","itemListElement":[{"@type":"ListItem","position":1,"name":"Home","item":"https:\/\/ondago.com\/fr\/"},{"@type":"ListItem","position":2,"name":"Publiez votre carte"}]},{"@type":"WebSite","@id":"https:\/\/ondago.com\/#website","url":"https:\/\/ondago.com\/","name":"Ondago B2B","description":"","publisher":{"@id":"https:\/\/ondago.com\/#organization"},"potentialAction":[{"@type":"SearchAction","target":{"@type":"EntryPoint","urlTemplate":"https:\/\/ondago.com\/?s={search_term_string}"},"query-input":{"@type":"PropertyValueSpecification","valueRequired":true,"valueName":"search_term_string"}}],"inLanguage":"fr-FR"},{"@type":"Organization","@id":"https:\/\/ondago.com\/#organization","name":"Ondago B2B","url":"https:\/\/ondago.com\/","logo":{"@type":"ImageObject","inLanguage":"fr-FR","@id":"https:\/\/ondago.com\/#\/schema\/logo\/image\/","url":"https:\/\/ondago.com\/wp-content\/uploads\/2023\/07\/cropped-logo-ondago-couleur.png","contentUrl":"https:\/\/ondago.com\/wp-content\/uploads\/2023\/07\/cropped-logo-ondago-couleur.png","width":1611,"height":409,"caption":"Ondago B2B"},"image":{"@id":"https:\/\/ondago.com\/#\/schema\/logo\/image\/"}}]}},"_links":{"self":[{"href":"https:\/\/ondago.com\/fr\/wp-json\/wp\/v2\/pages\/1522"}],"collection":[{"href":"https:\/\/ondago.com\/fr\/wp-json\/wp\/v2\/pages"}],"about":[{"href":"https:\/\/ondago.com\/fr\/wp-json\/wp\/v2\/types\/page"}],"author":[{"embeddable":true,"href":"https:\/\/ondago.com\/fr\/wp-json\/wp\/v2\/users\/7"}],"replies":[{"embeddable":true,"href":"https:\/\/ondago.com\/fr\/wp-json\/wp\/v2\/comments?post=1522"}],"version-history":[{"count":172,"href":"https:\/\/ondago.com\/fr\/wp-json\/wp\/v2\/pages\/1522\/revisions"}],"predecessor-version":[{"id":13969,"href":"https:\/\/ondago.com\/fr\/wp-json\/wp\/v2\/pages\/1522\/revisions\/13969"}],"wp:attachment":[{"href":"https:\/\/ondago.com\/fr\/wp-json\/wp\/v2\/media?parent=1522"}],"curies":[{"name":"wp","href":"https:\/\/api.w.org\/{rel}","templated":true}]}}